{"id":4649,"date":"2021-10-25T15:05:01","date_gmt":"2021-10-25T18:05:01","guid":{"rendered":"https:\/\/hrautopecas.com.br\/loja\/?post_type=product&#038;p=4649"},"modified":"2021-10-25T15:05:01","modified_gmt":"2021-10-25T18:05:01","slug":"bomba-direcao-hidraulica-hr-ate-2012","status":"publish","type":"product","link":"https:\/\/hrautopecas.com.br\/loja\/produto\/bomba-direcao-hidraulica-hr-ate-2012\/","title":{"rendered":"Bomba dire\u00e7\u00e3o hidr\u00e1ulica HR at\u00e9 2012"},"content":{"rendered":"","protected":false},"excerpt":{"rendered":"","protected":false},"featured_media":4650,"template":"","meta":[],"product_cat":[35],"product_tag":[],"_links":{"self":[{"href":"https:\/\/hrautopecas.com.br\/loja\/wp-json\/wp\/v2\/product\/4649"}],"collection":[{"href":"https:\/\/hrautopecas.com.br\/loja\/wp-json\/wp\/v2\/product"}],"about":[{"href":"https:\/\/hrautopecas.com.br\/loja\/wp-json\/wp\/v2\/types\/product"}],"version-history":[{"count":2,"href":"https:\/\/hrautopecas.com.br\/loja\/wp-json\/wp\/v2\/product\/4649\/revisions"}],"predecessor-version":[{"id":4652,"href":"https:\/\/hrautopecas.com.br\/loja\/wp-json\/wp\/v2\/product\/4649\/revisions\/4652"}],"wp:featuredmedia":[{"embeddable":true,"href":"https:\/\/hrautopecas.com.br\/loja\/wp-json\/wp\/v2\/media\/4650"}],"wp:attachment":[{"href":"https:\/\/hrautopecas.com.br\/loja\/wp-json\/wp\/v2\/media?parent=4649"}],"wp:term":[{"taxonomy":"product_cat","embeddable":true,"href":"https:\/\/hrautopecas.com.br\/loja\/wp-json\/wp\/v2\/product_cat?post=4649"},{"taxonomy":"product_tag","embeddable":true,"href":"https:\/\/hrautopecas.com.br\/loja\/wp-json\/wp\/v2\/product_tag?post=4649"}],"curies":[{"name":"wp","href":"https:\/\/api.w.org\/{rel}","templated":true}]}}